{"id":2542,"date":"2022-03-01T22:46:52","date_gmt":"2022-03-01T22:46:52","guid":{"rendered":"http:\/\/immugenia.com\/?page_id=2542"},"modified":"2024-10-21T17:53:10","modified_gmt":"2024-10-21T17:53:10","slug":"news","status":"publish","type":"page","link":"https:\/\/immugenia.com\/fr\/news\/","title":{"rendered":"Nouvelles"},"content":{"rendered":"<p><div class=\"fusion-fullwidth fullwidth-box fusion-builder-row-1 fusion-flex-container nonhundred-percent-fullwidth non-hundred-percent-height-scrolling\" style=\"--awb-border-radius-top-left:0px;--awb-border-radius-top-right:0px;--awb-border-radius-bottom-right:0px;--awb-border-radius-bottom-left:0px;--awb-padding-top:0px;--awb-margin-top:0px;--awb-flex-wrap:wrap;\" ><div class=\"fusion-builder-row fusion-row fusion-flex-align-items-flex-start fusion-flex-justify-content-center fusion-flex-content-wrap\" style=\"max-width:1248px;margin-left: calc(-4% \/ 2 );margin-right: calc(-4% \/ 2 );\"><div class=\"fusion-layout-column fusion_builder_column fusion-builder-column-0 fusion_builder_column_1_5 1_5 fusion-flex-column\" style=\"--awb-padding-right-medium:15px;--awb-padding-left-medium:15px;--awb-bg-size:cover;--awb-width-large:20%;--awb-margin-top-large:3%;--awb-spacing-right-large:0px;--awb-margin-bottom-large:1px;--awb-spacing-left-large:9.6%;--awb-width-medium:20%;--awb-order-medium:0;--awb-spacing-right-medium:0px;--awb-spacing-left-medium:9.6%;--awb-width-small:100%;--awb-order-small:0;--awb-margin-top-small:10px;--awb-spacing-right-small:1.92%;--awb-margin-bottom-small:0px;--awb-spacing-left-small:1.92%;\"><div class=\"fusion-column-wrapper fusion-column-has-shadow fusion-flex-justify-content-flex-start fusion-content-layout-row\"><div class=\"fusion-text fusion-text-1\"><p style=\"font-size: 16px;\" data-fusion-font=\"true\">15 octobre, 2024<\/p>\n<\/div><\/div><\/div><div class=\"fusion-layout-column fusion_builder_column fusion-builder-column-1 fusion_builder_column_4_5 4_5 fusion-flex-column fusion-flex-align-self-flex-start\" style=\"--awb-padding-top:3%;--awb-padding-right:3%;--awb-padding-bottom:3%;--awb-padding-left:3%;--awb-overflow:hidden;--awb-bg-color:var(--awb-color3);--awb-bg-color-hover:var(--awb-color3);--awb-bg-size:cover;--awb-border-radius:5px 5px 5px 5px;--awb-width-large:80%;--awb-margin-top-large:0px;--awb-spacing-right-large:2.4%;--awb-margin-bottom-large:3%;--awb-spacing-left-large:0%;--awb-width-medium:80%;--awb-order-medium:0;--awb-spacing-right-medium:2.4%;--awb-spacing-left-medium:0%;--awb-width-small:100%;--awb-order-small:0;--awb-spacing-right-small:1.92%;--awb-spacing-left-small:1.92%;\"><div class=\"fusion-column-wrapper fusion-column-has-shadow fusion-flex-justify-content-flex-start fusion-content-layout-row\"><div class=\"fusion-text fusion-text-2 fusion-text-no-margin\" style=\"--awb-margin-bottom:0px;\"><p style=\"font-size: 20px; line-height: 32px;\" data-fusion-font=\"true\">Le CQDM, la Fondation Brain Canada et des partenaires industriels s\u2019unissent pour r\u00e9pondre aux besoins m\u00e9dicaux non satisfaits dans le traitement des troubles c\u00e9r\u00e9braux<\/p>\n<\/div><div style=\"text-align:left;\"><a class=\"fusion-button button-flat button-small button-default fusion-button-default button-1 fusion-button-default-span fusion-button-default-type\" style=\"--button_margin-top:20px;\" target=\"_self\" href=\"https:\/\/immugenia.com\/fr\/news-241015\/\"><span class=\"fusion-button-text awb-button__text awb-button__text--default\">En savoir plus<\/span><i class=\"fa-angle-double-right fas awb-button__icon awb-button__icon--default button-icon-right\" aria-hidden=\"true\"><\/i><\/a><\/div><\/div><\/div><\/div><\/div><div class=\"fusion-fullwidth fullwidth-box fusion-builder-row-2 fusion-flex-container nonhundred-percent-fullwidth non-hundred-percent-height-scrolling\" style=\"--awb-border-radius-top-left:0px;--awb-border-radius-top-right:0px;--awb-border-radius-bottom-right:0px;--awb-border-radius-bottom-left:0px;--awb-padding-top:0px;--awb-margin-top:0px;--awb-flex-wrap:wrap;\" ><div class=\"fusion-builder-row fusion-row fusion-flex-align-items-flex-start fusion-flex-justify-content-center fusion-flex-content-wrap\" style=\"max-width:1248px;margin-left: calc(-4% \/ 2 );margin-right: calc(-4% \/ 2 );\"><div class=\"fusion-layout-column fusion_builder_column fusion-builder-column-2 fusion_builder_column_1_5 1_5 fusion-flex-column\" style=\"--awb-padding-right-medium:15px;--awb-padding-left-medium:15px;--awb-bg-size:cover;--awb-width-large:20%;--awb-margin-top-large:3%;--awb-spacing-right-large:0px;--awb-margin-bottom-large:1px;--awb-spacing-left-large:9.6%;--awb-width-medium:20%;--awb-order-medium:0;--awb-spacing-right-medium:0px;--awb-spacing-left-medium:9.6%;--awb-width-small:100%;--awb-order-small:0;--awb-margin-top-small:10px;--awb-spacing-right-small:1.92%;--awb-margin-bottom-small:0px;--awb-spacing-left-small:1.92%;\"><div class=\"fusion-column-wrapper fusion-column-has-shadow fusion-flex-justify-content-flex-start fusion-content-layout-row\"><div class=\"fusion-text fusion-text-3\"><p style=\"font-size: 16px;\" data-fusion-font=\"true\">22 f\u00e9vrier, 2024<\/p>\n<\/div><\/div><\/div><div class=\"fusion-layout-column fusion_builder_column fusion-builder-column-3 fusion_builder_column_4_5 4_5 fusion-flex-column fusion-flex-align-self-flex-start\" style=\"--awb-padding-top:3%;--awb-padding-right:3%;--awb-padding-bottom:3%;--awb-padding-left:3%;--awb-overflow:hidden;--awb-bg-color:var(--awb-color3);--awb-bg-color-hover:var(--awb-color3);--awb-bg-size:cover;--awb-border-radius:5px 5px 5px 5px;--awb-width-large:80%;--awb-margin-top-large:0px;--awb-spacing-right-large:2.4%;--awb-margin-bottom-large:3%;--awb-spacing-left-large:0%;--awb-width-medium:80%;--awb-order-medium:0;--awb-spacing-right-medium:2.4%;--awb-spacing-left-medium:0%;--awb-width-small:100%;--awb-order-small:0;--awb-spacing-right-small:1.92%;--awb-spacing-left-small:1.92%;\"><div class=\"fusion-column-wrapper fusion-column-has-shadow fusion-flex-justify-content-flex-start fusion-content-layout-row\"><div class=\"fusion-text fusion-text-4 fusion-text-no-margin\" style=\"--awb-margin-bottom:0px;\"><p style=\"font-size: 20px; line-height: 32px;\" data-fusion-font=\"true\">Immugenia est fi\u00e8re d\u2019avoir \u00e9t\u00e9 s\u00e9lectionn\u00e9 pour participer le 22 f\u00e9vrier 2024 au Gene Therapy Summit de Johnson &amp; Johnson \u00e0 San Francisco. Nous avons \u00e9t\u00e9 s\u00e9lectionn\u00e9 et invit\u00e9 \u00e0 pr\u00e9senter notre technologie \u00e0 l\u2019\u00e9cosyst\u00e8me de la th\u00e9rapie g\u00e9nique de la c\u00f4te ouest am\u00e9ricaine.<\/p>\n<\/div><div style=\"text-align:left;\"><a class=\"fusion-button button-flat button-small button-default fusion-button-default button-2 fusion-button-default-span fusion-button-default-type\" style=\"--button_margin-top:20px;\" target=\"_self\" href=\"https:\/\/immugenia.com\/fr\/news-240222\/\"><span class=\"fusion-button-text awb-button__text awb-button__text--default\">En savoir plus<\/span><i class=\"fa-angle-double-right fas awb-button__icon awb-button__icon--default button-icon-right\" aria-hidden=\"true\"><\/i><\/a><\/div><\/div><\/div><\/div><\/div><div class=\"fusion-fullwidth fullwidth-box fusion-builder-row-3 fusion-flex-container nonhundred-percent-fullwidth non-hundred-percent-height-scrolling\" style=\"--awb-border-radius-top-left:0px;--awb-border-radius-top-right:0px;--awb-border-radius-bottom-right:0px;--awb-border-radius-bottom-left:0px;--awb-padding-top:0px;--awb-margin-top:0px;--awb-flex-wrap:wrap;\" ><div class=\"fusion-builder-row fusion-row fusion-flex-align-items-flex-start fusion-flex-justify-content-center fusion-flex-content-wrap\" style=\"max-width:1248px;margin-left: calc(-4% \/ 2 );margin-right: calc(-4% \/ 2 );\"><div class=\"fusion-layout-column fusion_builder_column fusion-builder-column-4 fusion_builder_column_1_5 1_5 fusion-flex-column\" style=\"--awb-padding-right-medium:15px;--awb-padding-left-medium:15px;--awb-bg-size:cover;--awb-width-large:20%;--awb-margin-top-large:3%;--awb-spacing-right-large:0px;--awb-margin-bottom-large:1px;--awb-spacing-left-large:9.6%;--awb-width-medium:20%;--awb-order-medium:0;--awb-spacing-right-medium:0px;--awb-spacing-left-medium:9.6%;--awb-width-small:100%;--awb-order-small:0;--awb-margin-top-small:10px;--awb-spacing-right-small:1.92%;--awb-margin-bottom-small:0px;--awb-spacing-left-small:1.92%;\"><div class=\"fusion-column-wrapper fusion-column-has-shadow fusion-flex-justify-content-flex-start fusion-content-layout-row\"><div class=\"fusion-text fusion-text-5\"><p style=\"font-size: 16px;\" data-fusion-font=\"true\">2 novembre,  2022<\/p>\n<\/div><\/div><\/div><div class=\"fusion-layout-column fusion_builder_column fusion-builder-column-5 fusion_builder_column_4_5 4_5 fusion-flex-column fusion-flex-align-self-flex-start\" style=\"--awb-padding-top:3%;--awb-padding-right:3%;--awb-padding-bottom:3%;--awb-padding-left:3%;--awb-overflow:hidden;--awb-bg-color:var(--awb-color3);--awb-bg-color-hover:var(--awb-color3);--awb-bg-size:cover;--awb-border-radius:5px 5px 5px 5px;--awb-width-large:80%;--awb-margin-top-large:0px;--awb-spacing-right-large:2.4%;--awb-margin-bottom-large:3%;--awb-spacing-left-large:0%;--awb-width-medium:80%;--awb-order-medium:0;--awb-spacing-right-medium:2.4%;--awb-spacing-left-medium:0%;--awb-width-small:100%;--awb-order-small:0;--awb-spacing-right-small:1.92%;--awb-spacing-left-small:1.92%;\"><div class=\"fusion-column-wrapper fusion-column-has-shadow fusion-flex-justify-content-flex-start fusion-content-layout-row\"><div class=\"fusion-text fusion-text-6 fusion-text-no-margin\" style=\"--awb-margin-bottom:0px;\"><p style=\"font-size: 20px; line-height: 32px;\" data-fusion-font=\"true\">La Soci\u00e9t\u00e9 canadienne du cancer, le CQDM, la Fondation Cole et l\u2019Oncopole octroient pr\u00e8s de 8,5 millions de dollars en recherche sur les cancers p\u00e9diatriques \u00e0 quatre chercheurs du Qu\u00e9bec<\/p>\n<\/div><div style=\"text-align:left;\"><a class=\"fusion-button button-flat button-small button-default fusion-button-default button-3 fusion-button-default-span fusion-button-default-type\" style=\"--button_margin-top:20px;\" target=\"_self\" href=\"https:\/\/immugenia.com\/fr\/news-221102\/\"><span class=\"fusion-button-text awb-button__text awb-button__text--default\">En savoir plus<\/span><i class=\"fa-angle-double-right fas awb-button__icon awb-button__icon--default button-icon-right\" aria-hidden=\"true\"><\/i><\/a><\/div><\/div><\/div><\/div><\/div><div class=\"fusion-fullwidth fullwidth-box fusion-builder-row-4 fusion-flex-container nonhundred-percent-fullwidth non-hundred-percent-height-scrolling\" style=\"--awb-border-radius-top-left:0px;--awb-border-radius-top-right:0px;--awb-border-radius-bottom-right:0px;--awb-border-radius-bottom-left:0px;--awb-padding-top:0px;--awb-margin-top:0px;--awb-flex-wrap:wrap;\" ><div class=\"fusion-builder-row fusion-row fusion-flex-align-items-flex-start fusion-flex-justify-content-center fusion-flex-content-wrap\" style=\"max-width:1248px;margin-left: calc(-4% \/ 2 );margin-right: calc(-4% \/ 2 );\"><div class=\"fusion-layout-column fusion_builder_column fusion-builder-column-6 fusion_builder_column_1_5 1_5 fusion-flex-column\" style=\"--awb-padding-right-medium:15px;--awb-padding-left-medium:15px;--awb-bg-size:cover;--awb-width-large:20%;--awb-margin-top-large:3%;--awb-spacing-right-large:0px;--awb-margin-bottom-large:1px;--awb-spacing-left-large:9.6%;--awb-width-medium:20%;--awb-order-medium:0;--awb-spacing-right-medium:0px;--awb-spacing-left-medium:9.6%;--awb-width-small:100%;--awb-order-small:0;--awb-margin-top-small:10px;--awb-spacing-right-small:1.92%;--awb-margin-bottom-small:0px;--awb-spacing-left-small:1.92%;\"><div class=\"fusion-column-wrapper fusion-column-has-shadow fusion-flex-justify-content-flex-start fusion-content-layout-row\"><div class=\"fusion-text fusion-text-7\"><p style=\"font-size: 16px;\" data-fusion-font=\"true\">6 octobre, 2022<\/p>\n<\/div><\/div><\/div><div class=\"fusion-layout-column fusion_builder_column fusion-builder-column-7 fusion_builder_column_4_5 4_5 fusion-flex-column fusion-flex-align-self-flex-start\" style=\"--awb-padding-top:3%;--awb-padding-right:3%;--awb-padding-bottom:3%;--awb-padding-left:3%;--awb-overflow:hidden;--awb-bg-color:var(--awb-color3);--awb-bg-color-hover:var(--awb-color3);--awb-bg-size:cover;--awb-border-radius:5px 5px 5px 5px;--awb-width-large:80%;--awb-margin-top-large:0px;--awb-spacing-right-large:2.4%;--awb-margin-bottom-large:3%;--awb-spacing-left-large:0%;--awb-width-medium:80%;--awb-order-medium:0;--awb-spacing-right-medium:2.4%;--awb-spacing-left-medium:0%;--awb-width-small:100%;--awb-order-small:0;--awb-spacing-right-small:1.92%;--awb-spacing-left-small:1.92%;\"><div class=\"fusion-column-wrapper fusion-column-has-shadow fusion-flex-justify-content-flex-start fusion-content-layout-row\"><div class=\"fusion-text fusion-text-8 fusion-text-no-margin\" style=\"--awb-margin-bottom:0px;\"><p style=\"font-size: 20px; line-height: 32px;\" data-fusion-font=\"true\">Immugenia re\u00e7oit un soutien de pr\u00e9-amor\u00e7age d'adMare BioInnovations, ACET Capital et Sherbrooke Innopole pour d\u00e9velopper une th\u00e9rapie contre le cancer qui permettrait de pr\u00e9venir les rechutes<\/p>\n<\/div><div style=\"text-align:left;\"><a class=\"fusion-button button-flat button-small button-default fusion-button-default button-4 fusion-button-default-span fusion-button-default-type\" style=\"--button_margin-top:20px;\" target=\"_self\" href=\"https:\/\/immugenia.com\/fr\/news-20220931\/\"><span class=\"fusion-button-text awb-button__text awb-button__text--default\">En savoir plus<\/span><i class=\"fa-angle-double-right fas awb-button__icon awb-button__icon--default button-icon-right\" aria-hidden=\"true\"><\/i><\/a><\/div><\/div><\/div><\/div><\/div><\/p>","protected":false},"excerpt":{"rendered":"","protected":false},"author":1,"featured_media":0,"parent":0,"menu_order":0,"comment_status":"closed","ping_status":"closed","template":"","meta":{"footnotes":""},"class_list":["post-2542","page","type-page","status-publish","hentry"],"_links":{"self":[{"href":"https:\/\/immugenia.com\/fr\/wp-json\/wp\/v2\/pages\/2542","targetHints":{"allow":["GET"]}}],"collection":[{"href":"https:\/\/immugenia.com\/fr\/wp-json\/wp\/v2\/pages"}],"about":[{"href":"https:\/\/immugenia.com\/fr\/wp-json\/wp\/v2\/types\/page"}],"author":[{"embeddable":true,"href":"https:\/\/immugenia.com\/fr\/wp-json\/wp\/v2\/users\/1"}],"replies":[{"embeddable":true,"href":"https:\/\/immugenia.com\/fr\/wp-json\/wp\/v2\/comments?post=2542"}],"version-history":[{"count":60,"href":"https:\/\/immugenia.com\/fr\/wp-json\/wp\/v2\/pages\/2542\/revisions"}],"predecessor-version":[{"id":4131,"href":"https:\/\/immugenia.com\/fr\/wp-json\/wp\/v2\/pages\/2542\/revisions\/4131"}],"wp:attachment":[{"href":"https:\/\/immugenia.com\/fr\/wp-json\/wp\/v2\/media?parent=2542"}],"curies":[{"name":"wp","href":"https:\/\/api.w.org\/{rel}","templated":true}]}}