{"id":2642,"date":"2022-03-19T19:02:58","date_gmt":"2022-03-19T19:02:58","guid":{"rendered":"https:\/\/immugenia.com\/?page_id=2642"},"modified":"2022-06-12T21:33:25","modified_gmt":"2022-06-12T21:33:25","slug":"privacy","status":"publish","type":"page","link":"https:\/\/immugenia.com\/fr\/privacy\/","title":{"rendered":"Vie priv\u00e9e"},"content":{"rendered":"<div class=\"fusion-fullwidth fullwidth-box fusion-builder-row-1 fusion-flex-container nonhundred-percent-fullwidth non-hundred-percent-height-scrolling\" style=\"--awb-border-radius-top-left:0px;--awb-border-radius-top-right:0px;--awb-border-radius-bottom-right:0px;--awb-border-radius-bottom-left:0px;--awb-flex-wrap:wrap;\" ><div class=\"fusion-builder-row fusion-row fusion-flex-align-items-flex-start fusion-flex-content-wrap\" style=\"max-width:1248px;margin-left: calc(-4% \/ 2 );margin-right: calc(-4% \/ 2 );\"><div class=\"fusion-layout-column fusion_builder_column fusion-builder-column-0 fusion_builder_column_1_1 1_1 fusion-flex-column\" style=\"--awb-bg-size:cover;--awb-width-large:100%;--awb-margin-top-large:0px;--awb-spacing-right-large:1.92%;--awb-margin-bottom-large:0px;--awb-spacing-left-large:1.92%;--awb-width-medium:100%;--awb-spacing-right-medium:1.92%;--awb-spacing-left-medium:1.92%;--awb-width-small:100%;--awb-spacing-right-small:1.92%;--awb-spacing-left-small:1.92%;\"><div class=\"fusion-column-wrapper fusion-flex-justify-content-flex-start fusion-content-layout-column\"><div class=\"fusion-text fusion-text-1\"><h2 style=\"font-size: 54px; line-height: 64.8px;\" data-fusion-font=\"true\">Vie priv\u00e9e<\/h2>\n<p>Chez Immugenia, nous prenons votre vie priv\u00e9e tr\u00e8s au s\u00e9rieux et nous nous engageons \u00e0 prot\u00e9ger les donn\u00e9es personnelles qui peuvent entrer en notre possession lorsque vous visitez notre site Web. La pr\u00e9sente politique de confidentialit\u00e9 d\u00e9crit les informations que nous recueillons, stockons, utilisons, divulguons ou traitons d'une autre mani\u00e8re \u00e0 votre sujet et \u00e0 quelles fins, comment nous utilisons ces informations et les mesures que nous avons prises pour prot\u00e9ger ces informations.<\/p>\n<h3 class=\"fusion-responsive-typography-calculated\" style=\"--fontsize: 24; line-height: 1.2;\" data-fontsize=\"24\" data-lineheight=\"28.8px\">LES INFORMATIONS QUE NOUS RECUEILLONS<\/h3>\n<p>Le type d'informations que nous recueillons \u00e0 votre sujet d\u00e9pend de vos interactions avec nous.<\/p>\n<h3 class=\"fusion-responsive-typography-calculated\" style=\"--fontsize: 24; line-height: 1.2;\" data-fontsize=\"24\" data-lineheight=\"28.8px\">LES INFORMATIONS QUE VOUS NOUS FOURNISSEZ<\/h3>\n<p>Lorsque vous visitez notre site Web, y compris nos sites de m\u00e9dias sociaux, nous pouvons collecter des informations vous concernant, y compris, mais sans s'y limiter :<\/p>\n<ul>\n<li>Des informations personnelles, telles que votre nom, votre adresse et votre adresse \u00e9lectronique ;<\/li>\n<li>des informations professionnelles, telles que le titre de votre poste ou de votre profession, des informations sur votre formation, le nom de votre employeur, vos qualifications professionnelles, vos r\u00e9f\u00e9rences et vos affiliations ; et<\/li>\n<li>la correspondance, telle que les informations que vous fournissez lorsque vous demandez des informations pour les investisseurs, que vous postulez \u00e0 une offre d'emploi ou que vous correspondez avec nous de toute autre mani\u00e8re.<\/li>\n<\/ul>\n<h3 class=\"fusion-responsive-typography-calculated\" style=\"--fontsize: 24; line-height: 1.2;\" data-fontsize=\"24\" data-lineheight=\"28.8px\">INFORMATIONS G\u00c9N\u00c9R\u00c9ES AUTOMATIQUEMENT<\/h3>\n<p>Lorsque vous naviguez sur notre site Web, y compris lorsque vous utilisez un appareil mobile, nous (et notre fournisseur de services) pouvons recueillir des informations \u00e0 partir de votre ordinateur ou d'un autre appareil, telles que l'identifiant de votre appareil, l'adresse IP (Internet Protocol), les informations li\u00e9es \u00e0 votre navigateur, les pages que vous avez consult\u00e9es, vos requ\u00eates de recherche, les informations sur la date et l'heure de vos demandes et d'autres informations fournies par les technologies de suivi. Veuillez vous reporter \u00e0 la section Vos choix en mati\u00e8re de confidentialit\u00e9 ci-dessous pour plus de d\u00e9tails.<\/p>\n<h3 class=\"fusion-responsive-typography-calculated\" style=\"--fontsize: 24; line-height: 1.2;\" data-fontsize=\"24\" data-lineheight=\"28.8px\">COMMENT NOUS UTILISONS LES INFORMATIONS QUE NOUS RECUEILLONS<\/h3>\n<p>Nous utilisons vos informations dans le cadre des services que nous fournissons par le biais de notre site Web, notamment pour r\u00e9pondre \u00e0 vos demandes ou requ\u00eates, pour fournir et am\u00e9liorer le contenu de notre site, pour communiquer des informations concernant notre relation avec vous ou concernant nos services, et pour \u00e9valuer l'aptitude des personnes qui postulent \u00e0 des postes chez Immugenia.<\/p>\n<h3 class=\"fusion-responsive-typography-calculated\" style=\"--fontsize: 24; line-height: 1.2;\" data-fontsize=\"24\" data-lineheight=\"28.8px\">INFORMATIONS QUE NOUS PARTAGEONS<\/h3>\n<p>Nous ne divulguerons des informations personnelles \u00e0 des tiers que conform\u00e9ment aux lois applicables, et des garanties appropri\u00e9es seront mises en place, le cas \u00e9ch\u00e9ant, pour prot\u00e9ger vos informations.<\/p>\n<p>Nous pouvons partager des informations avec des tiers pour nous aider \u00e0 ex\u00e9cuter les fonctionnalit\u00e9s et les services de notre site web, nous prot\u00e9ger contre les cyberattaques et nous conformer aux auditeurs afin de garantir que nos processus internes fonctionnent comme pr\u00e9vu.<\/p>\n<p>Nous divulguerons \u00e9galement des informations si nous avons des raisons de croire que cela est n\u00e9cessaire ou appropri\u00e9 pour nous conformer aux lois ou r\u00e9glementations en vigueur, en r\u00e9ponse \u00e0 une ordonnance du tribunal, une assignation \u00e0 compara\u00eetre, un mandat de perquisition ou d'autres demandes ou processus l\u00e9gaux ou r\u00e9glementaires, pour faire respecter nos conditions g\u00e9n\u00e9rales et pour prot\u00e9ger nos droits, nos biens, notre vie priv\u00e9e et notre s\u00e9curit\u00e9 ainsi que ceux des v\u00f4tres et de ceux des autres.<\/p>\n<p>Nous pouvons transf\u00e9rer vos informations personnelles, comme le permet la loi applicable, dans le cadre d'une fusion, d'une consolidation, d'une vente, d'une acquisition, d'une cession, d'une restructuration, d'une r\u00e9organisation, d'une dissolution, d'une faillite ou de tout autre changement de propri\u00e9t\u00e9 ou de contr\u00f4le d'Immugenia, y compris de l'une de nos soci\u00e9t\u00e9s affili\u00e9es.<\/p>\n<h3 class=\"fusion-responsive-typography-calculated\" style=\"--fontsize: 24; line-height: 1.2;\" data-fontsize=\"24\" data-lineheight=\"28.8px\">VOS CHOIX EN MATI\u00c8RE DE CONFIDENTIALIT\u00c9<\/h3>\n<p>Vous avez le choix quant aux informations que vous partagez avec nous. Si nous vous envoyons des courriers ou d'autres communications, vous pouvez toujours choisir de ne pas les recevoir.<\/p>\n<p>Nous pouvons recueillir des informations sur vous et votre ordinateur en utilisant des \"cookies\" ou des technologies de suivi similaires. Un cookie est un petit fichier de donn\u00e9es stock\u00e9 sur votre appareil par un site web et qui permet \u00e0 ce dernier de se souvenir de vos actions, des activit\u00e9s de votre navigateur et de vos pr\u00e9f\u00e9rences. Nous utilisons des cookies tiers aux fins suivantes :<\/p>\n<ul>\n<li>Optimiser et personnaliser votre exp\u00e9rience utilisateur, par exemple en m\u00e9morisant vos pr\u00e9f\u00e9rences.<\/li>\n<li>Apprendre comment le site est utilis\u00e9 en recueillant des informations relatives \u00e0 notre trafic web, comme le nombre de visiteurs sur notre site, les pages visit\u00e9es et d'autres informations qui nous permettraient de fournir un meilleur contenu aux visiteurs.<\/li>\n<\/ul>\n<p>Vous pouvez rejeter ou g\u00e9rer les cookies dans les param\u00e8tres de votre navigateur web. Veuillez noter, toutefois, que si vous d\u00e9sactivez les cookies lorsque vous visitez notre site, votre exp\u00e9rience utilisateur en sera affect\u00e9e. Certaines parties de notre site peuvent ne pas \u00eatre disponibles, et certaines fonctions peuvent ne pas fonctionner comme pr\u00e9vu.<\/p>\n<h3 class=\"fusion-responsive-typography-calculated\" style=\"--fontsize: 24; line-height: 1.2;\" data-fontsize=\"24\" data-lineheight=\"28.8px\">S\u00c9CURIT\u00c9 DES INFORMATIONS<\/h3>\n<p>Nous prot\u00e9gerons toutes les informations personnelles que nous recueillons conform\u00e9ment \u00e0 la pr\u00e9sente politique de confidentialit\u00e9 et prendrons des mesures raisonnables pour garantir qu'elles sont trait\u00e9es l\u00e9galement. Nous utilisons des mesures de s\u00e9curit\u00e9 proc\u00e9durales et technologiques raisonnables pour prot\u00e9ger vos informations personnelles. Cependant, aucun site Web n'est enti\u00e8rement s\u00e9curis\u00e9 et nous ne pouvons pas garantir la s\u00e9curit\u00e9 des informations transmises en ligne. Vous devez \u00e9galement prot\u00e9ger les informations de compte en votre possession.<\/p>\n<h3 class=\"fusion-responsive-typography-calculated\" style=\"--fontsize: 24; line-height: 1.2;\" data-fontsize=\"24\" data-lineheight=\"28.8px\">SITES TIERS<\/h3>\n<p>Notre site Web peut contenir des liens vers des sites web ou des services num\u00e9riques de tiers. Ces liens sont fournis uniquement pour votre confort de navigation et ne constituent pas une approbation des tiers ou des informations pr\u00e9sent\u00e9es. Notre politique de confidentialit\u00e9 ne s'applique pas \u00e0 ces sites ou services tiers. Si vous choisissez de visiter un site web ou un service tiers, la politique de confidentialit\u00e9 de ce site s'applique.<\/p>\n<h3 class=\"fusion-responsive-typography-calculated\" style=\"--fontsize: 24; line-height: 1.2;\" data-fontsize=\"24\" data-lineheight=\"28.8px\">ENFANTS DE MOINS DE 13 ANS<\/h3>\n<p>Notre site Web n'est pas destin\u00e9 aux enfants et nous ne collecterons pas sciemment des informations aupr\u00e8s d'une personne \u00e2g\u00e9e de moins de 13 ans ou d'une personne n'ayant pas atteint l'\u00e2ge de la majorit\u00e9 dans son \u00c9tat ou sa province de r\u00e9sidence sans le consentement de son parent ou de son tuteur l\u00e9gal. Veuillez nous <a href=\"https:\/\/immugenia.com\/fr\/contact\/\">contacter<\/a> imm\u00e9diatement si vous pensez que nous avons pu recueillir des informations personnelles aupr\u00e8s d'une personne \u00e2g\u00e9e de moins de 13 ans.<\/p>\n<h3 class=\"fusion-responsive-typography-calculated\" style=\"--fontsize: 24; line-height: 1.2;\" data-fontsize=\"24\" data-lineheight=\"28.8px\">MODIFICATIONS DE LA PR\u00c9SENTE POLITIQUE DE CONFIDENTIALIT\u00c9<\/h3>\n<p>Nous nous r\u00e9servons le droit de modifier cette politique de confidentialit\u00e9 \u00e0 notre discr\u00e9tion. Si nous apportons des modifications importantes \u00e0 cette politique de confidentialit\u00e9, nous vous en informerons, soit directement, lorsque nous sommes l\u00e9galement tenus de le faire, soit en publiant une nouvelle politique de confidentialit\u00e9 sur notre site Web. Toute modification de la pr\u00e9sente politique de confidentialit\u00e9 entrera en vigueur d\u00e8s sa publication sur notre site Web. En continuant \u00e0 utiliser notre site Web apr\u00e8s la publication de toute politique de confidentialit\u00e9 modifi\u00e9e, vous acceptez les conditions de la politique de confidentialit\u00e9 modifi\u00e9e.<\/p>\n<h3 class=\"fusion-responsive-typography-calculated\" style=\"--fontsize: 24; line-height: 1.2;\" data-fontsize=\"24\" data-lineheight=\"28.8px\">CONTACTEZ-NOUS<\/h3>\n<p>Si vous avez des questions ou des pr\u00e9occupations concernant notre politique de protection de la vie priv\u00e9e, veuillez nous envoyer un <a href=\"https:\/\/immugenia.com\/fr\/contact\/\">courriel<\/a>, ou nous \u00e9crire \u00e0 l'adresse suivante :<\/p>\n<p><b>Immugenia Inc.<\/b><br \/>Si\u00e8ge social de l'entreprise<br \/>3000 Boul. de l\u2019Universit\u00e9 P1-ACET<br \/>Sherbrooke, Qu\u00e9bec, Canada<br \/>J1K 0A5<\/p>\n<\/div><\/div><\/div><\/div><\/div>","protected":false},"excerpt":{"rendered":"","protected":false},"author":1,"featured_media":0,"parent":0,"menu_order":0,"comment_status":"closed","ping_status":"closed","template":"","meta":{"footnotes":""},"class_list":["post-2642","page","type-page","status-publish","hentry"],"_links":{"self":[{"href":"https:\/\/immugenia.com\/fr\/wp-json\/wp\/v2\/pages\/2642","targetHints":{"allow":["GET"]}}],"collection":[{"href":"https:\/\/immugenia.com\/fr\/wp-json\/wp\/v2\/pages"}],"about":[{"href":"https:\/\/immugenia.com\/fr\/wp-json\/wp\/v2\/types\/page"}],"author":[{"embeddable":true,"href":"https:\/\/immugenia.com\/fr\/wp-json\/wp\/v2\/users\/1"}],"replies":[{"embeddable":true,"href":"https:\/\/immugenia.com\/fr\/wp-json\/wp\/v2\/comments?post=2642"}],"version-history":[{"count":10,"href":"https:\/\/immugenia.com\/fr\/wp-json\/wp\/v2\/pages\/2642\/revisions"}],"predecessor-version":[{"id":3554,"href":"https:\/\/immugenia.com\/fr\/wp-json\/wp\/v2\/pages\/2642\/revisions\/3554"}],"wp:attachment":[{"href":"https:\/\/immugenia.com\/fr\/wp-json\/wp\/v2\/media?parent=2642"}],"curies":[{"name":"wp","href":"https:\/\/api.w.org\/{rel}","templated":true}]}}